{"id":519,"date":"2025-11-24T14:17:35","date_gmt":"2025-11-24T14:17:35","guid":{"rendered":"https:\/\/aktywnebeskidy.com\/?page_id=519"},"modified":"2025-11-26T19:54:29","modified_gmt":"2025-11-26T19:54:29","slug":"wsparcie-fesl","status":"publish","type":"page","link":"https:\/\/aktywnebeskidy.com\/?page_id=519","title":{"rendered":"Wsparcie FESL"},"content":{"rendered":"<p style=\"text-align: center;\"><strong>HARMONOGRAM NA LUTY<\/strong><\/p>\n<hr \/>\n<p><a href=\"https:\/\/aktywnebeskidy.com\/wp-content\/uploads\/2025\/11\/HFW-FESL.07.04-IZ.01-05B8_23-2025-02-002.pdf\" class=\"pdfemb-viewer\" style=\"\" data-width=\"max\" data-height=\"max\" data-toolbar=\"top\" data-toolbar-fixed=\"on\">HFW-FESL.07.04-IZ.01-05B8_23-2025-02-002<\/a><br \/>\n<P><\/p>\n<p style=\"text-align: center;\"><strong>HARMONOGRAM NA MARZEC<\/strong><\/p>\n<hr \/>\n<p><a href=\"https:\/\/aktywnebeskidy.com\/wp-content\/uploads\/2025\/11\/HFW-FESL.07.04-IZ.01-05B8_23-2025-03-001.pdf\" class=\"pdfemb-viewer\" style=\"\" data-width=\"max\" data-height=\"max\" data-toolbar=\"top\" data-toolbar-fixed=\"on\">HFW-FESL.07.04-IZ.01-05B8_23-2025-03-001<\/a><br \/>\n<P><\/p>\n<p style=\"text-align: center;\"><strong>HARMONOGRAM NA KWIECIE\u0143<\/strong><\/p>\n<hr \/>\n<p><a href=\"https:\/\/aktywnebeskidy.com\/wp-content\/uploads\/2025\/11\/HFW-FESL.07.04-IZ.01-05B8_23-2025-04-001.pdf\" class=\"pdfemb-viewer\" style=\"\" data-width=\"max\" data-height=\"max\" data-toolbar=\"top\" data-toolbar-fixed=\"on\">HFW-FESL.07.04-IZ.01-05B8_23-2025-04-001<\/a><br \/>\n<P><\/p>\n<p style=\"text-align: center;\"><strong>HARMONOGRAM NA MAJ<\/strong><\/p>\n<hr \/>\n<p><a href=\"https:\/\/aktywnebeskidy.com\/wp-content\/uploads\/2025\/11\/HFW-FESL.07.04-IZ.01-05B8_23-2025-05-001.pdf\" class=\"pdfemb-viewer\" style=\"\" data-width=\"max\" data-height=\"max\" data-toolbar=\"top\" data-toolbar-fixed=\"on\">HFW-FESL.07.04-IZ.01-05B8_23-2025-05-001<\/a><br \/>\n<P><\/p>\n<p style=\"text-align: center;\"><strong>HARMONOGRAM NA CZERWIEC<\/strong><\/p>\n<hr \/>\n<p><a href=\"https:\/\/aktywnebeskidy.com\/wp-content\/uploads\/2025\/11\/HFW-FESL.07.04-IZ.01-05B8_23-2025-06-001.pdf\" class=\"pdfemb-viewer\" style=\"\" data-width=\"max\" data-height=\"max\" data-toolbar=\"top\" data-toolbar-fixed=\"on\">HFW-FESL.07.04-IZ.01-05B8_23-2025-06-001<\/a><br \/>\n<P><\/p>\n<p style=\"text-align: center;\"><strong>HARMONOGRAM NA LIPIEC<\/strong><\/p>\n<hr \/>\n<p><a href=\"https:\/\/aktywnebeskidy.com\/wp-content\/uploads\/2025\/11\/HFW-FESL.07.04-IZ.01-05B8_23-2025-07-001.pdf\" class=\"pdfemb-viewer\" style=\"\" data-width=\"max\" data-height=\"max\" data-toolbar=\"top\" data-toolbar-fixed=\"on\">HFW-FESL.07.04-IZ.01-05B8_23-2025-07-001<\/a><br \/>\n<P><\/p>\n<p style=\"text-align: center;\"><strong>HARMONOGRAM NA WRZESIE\u0143<\/strong><\/p>\n<hr \/>\n<p><a href=\"https:\/\/aktywnebeskidy.com\/wp-content\/uploads\/2025\/11\/HFW-FESL.07.04-IZ.01-05B8_23-2025-09-001.pdf\" class=\"pdfemb-viewer\" style=\"\" data-width=\"max\" data-height=\"max\" data-toolbar=\"top\" data-toolbar-fixed=\"on\">HFW-FESL.07.04-IZ.01-05B8_23-2025-09-001<\/a><br \/>\n<P><\/p>\n<p style=\"text-align: center;\"><strong>HARMONOGRAM NA PA\u0179DZIERNIK<\/strong><\/p>\n<hr \/>\n<p><a href=\"https:\/\/aktywnebeskidy.com\/wp-content\/uploads\/2025\/11\/HFW-FESL.07.04-IZ.01-05B8_23-2025-10-001.pdf\" class=\"pdfemb-viewer\" style=\"\" data-width=\"max\" data-height=\"max\" data-toolbar=\"top\" data-toolbar-fixed=\"on\">HFW-FESL.07.04-IZ.01-05B8_23-2025-10-001<\/a><br \/>\n<P><\/p>\n<p style=\"text-align: center;\"><strong>HARMONOGRAM NA LISTOPAD<\/strong><\/p>\n<hr \/>\n<a href=\"https:\/\/aktywnebeskidy.com\/wp-content\/uploads\/2025\/11\/HFW-FESL.07.04-IZ.01-05B8_23-2025-11-001.pdf\" class=\"pdfemb-viewer\" style=\"\" data-width=\"max\" data-height=\"max\" data-toolbar=\"top\" data-toolbar-fixed=\"on\">HFW-FESL.07.04-IZ.01-05B8_23-2025-11-001<\/a>\n","protected":false},"excerpt":{"rendered":"<p>HARMONOGRAM NA LUTY HARMONOGRAM NA MARZEC HARMONOGRAM NA KWIECIE\u0143 HARMONOGRAM NA MAJ HARMONOGRAM NA CZERWIEC HARMONOGRAM NA LIPIEC HARMONOGRAM NA WRZESIE\u0143 HARMONOGRAM NA PA\u0179DZIERNIK HARMONOGRAM NA LISTOPAD<\/p>\n","protected":false},"author":1,"featured_media":547,"parent":0,"menu_order":0,"comment_status":"closed","ping_status":"closed","template":"","meta":{"footnotes":""},"class_list":["post-519","page","type-page","status-publish","has-post-thumbnail","hentry","latest_post"],"_links":{"self":[{"href":"https:\/\/aktywnebeskidy.com\/index.php?rest_route=\/wp\/v2\/pages\/519","targetHints":{"allow":["GET"]}}],"collection":[{"href":"https:\/\/aktywnebeskidy.com\/index.php?rest_route=\/wp\/v2\/pages"}],"about":[{"href":"https:\/\/aktywnebeskidy.com\/index.php?rest_route=\/wp\/v2\/types\/page"}],"author":[{"embeddable":true,"href":"https:\/\/aktywnebeskidy.com\/index.php?rest_route=\/wp\/v2\/users\/1"}],"replies":[{"embeddable":true,"href":"https:\/\/aktywnebeskidy.com\/index.php?rest_route=%2Fwp%2Fv2%2Fcomments&post=519"}],"version-history":[{"count":9,"href":"https:\/\/aktywnebeskidy.com\/index.php?rest_route=\/wp\/v2\/pages\/519\/revisions"}],"predecessor-version":[{"id":532,"href":"https:\/\/aktywnebeskidy.com\/index.php?rest_route=\/wp\/v2\/pages\/519\/revisions\/532"}],"wp:featuredmedia":[{"embeddable":true,"href":"https:\/\/aktywnebeskidy.com\/index.php?rest_route=\/wp\/v2\/media\/547"}],"wp:attachment":[{"href":"https:\/\/aktywnebeskidy.com\/index.php?rest_route=%2Fwp%2Fv2%2Fmedia&parent=519"}],"curies":[{"name":"wp","href":"https:\/\/api.w.org\/{rel}","templated":true}]}}