{"id":43,"date":"2023-02-19T18:37:39","date_gmt":"2023-02-19T18:37:39","guid":{"rendered":"https:\/\/aktywnebeskidy.com\/?page_id=43"},"modified":"2025-05-27T20:51:07","modified_gmt":"2025-05-27T20:51:07","slug":"beskidzki-uniwersytet-ludowy","status":"publish","type":"page","link":"https:\/\/aktywnebeskidy.com\/?page_id=43","title":{"rendered":"Beskidzki Uniwersytet Ludowy"},"content":{"rendered":"<p>Beskidzki Uniwesytet Ludowy zosta\u0142 utworzony przez Stowarzyszenie Aktywne Beskidy w roku 2021 dzi\u0119ki dotacji otrzymanej z NIW-CRSO w ramach Programu Wspierania Rozwoju Uniwesytet\u00f3w Ludowych.\u00a0Punktem wyj\u015bcia dla koncepcji edukacji w BUL jest kultywowanie tradycji lokalnych, regionalnych i narodowych poprzez dost\u0119p do kurs\u00f3w w zakresie edukacji muzycznej (\u015bpiew, nauka gry na instrumentach tradycyjnych) kierowanej do os\u00f3b doros\u0142ych. Zaj\u0119cia realizowane s\u0105\u00a0w partnerskiej formule mistrz-ucze\u0144. W ramach prowadzonych \u015bcie\u017cek tematycznych wespieramy aktywnie uczestnik\u00f3w naszych dzia\u0142a\u0144 we\u00a0wsp\u00f3lnym rozwijaniu wra\u017cliwo\u015bci artystycznej i kultywowaniu tradycji muzycznej naszego regionu.<br \/>\nZaj\u0119cia grupowe bazowane s\u0105 na koncepcji stworzenia przez Uniwersytet Ludowy wsp\u00f3lnoty ucz\u0105cej si\u0119, pozwalaj\u0105cej na budowanie wi\u0119zi mi\u0119dzy cz\u0142onkami spo\u0142eczno\u015bci. W czasie zaj\u0119\u0107 uczestnicy obcuj\u0105 z do\u015bwiadczonymi tw\u00f3rcami, pe\u0142ni\u0105cymi w procesie edukacji rol\u0119 ich mentor\u00f3w. Zaj\u0119cia, w zale\u017cno\u015bci od danej \u015bcie\u017cki tematycznej, realizowane s\u0105 w formule stacjonarnej oraz blended-learning. W\u015br\u00f3d \u015bcie\u017cek tematycznych, kt\u00f3re wdro\u017cyli\u015bmy w latach 2021-2022 na szczeg\u00f3ln\u0105 uwag\u0119 zas\u0142uguj\u0105\u00a0zaj\u0119cia muzyczne, wokalne oraz\u00a0sztuki wizualne takie jak malarstwo, rysunek, zdobnictwo czy fotografia<br \/>\nWsp\u00f3lnym elementem kszta\u0142cenia artystycznego w Beskidzkim Uniwersytecie Ludowym jest uwra\u017cliwienie uczestnik\u00f3w na sztuk\u0119, zach\u0119canie ich i wspieranie w zakresie samodzielnego wyra\u017cenia si\u0119 w tej dziedzinie \u017cycia. W zakresie spotka\u0144 warsztatowych Beskidzki Uniwersytet Ludowy podkre\u015bla rol\u0119 integracji w my\u015bl prowadzenia edukacji grundtviga\u0144skiej \u201epod wsp\u00f3lnym dachem\u201d. Realizacj\u0105 tej zasady s\u0105 by\u0107 r\u00f3wnie\u017c wsp\u00f3lne wyst\u0119py ch\u00f3ru prowadzonego przez BUL.<\/p>\n<p>Uczestnikiem zaj\u0119\u0107 mo\u017ce by\u0107 ka\u017cda osoba, kt\u00f3ra uko\u0144czy\u0142a 18. rok \u017cycia. W ramach programu na lata 2021-2022 realizowali\u015bmy nast\u0119puj\u0105ce programy edukacyjne:<\/p>\n<ul>\n<li>warsztat &#8222;Rozw\u00f3j i czas&#8221;<\/li>\n<li>zaj\u0119cia artystyczne &#8222;Malarstwo, rysunek, zdobnictwo&#8221;<\/li>\n<li>warsztaty kulinarne<\/li>\n<li>seminaria wokalne w formacie Ch\u00f3ru Beskidzkiego<\/li>\n<li>warsztaty postprodukcji fotografii<\/li>\n<li>warsztaty &#8222;Asertywno\u015b\u0107&#8221;<\/li>\n<li>warsztaty astrofotografii<\/li>\n<li>warsztaty technik druku szlachetnego<\/li>\n<li>kurs &#8222;Bezpiecze\u0144stwo w sieci&#8217;<\/li>\n<li>nauka gry na instrumentach muzycznych<\/li>\n<li>kurs biznesowy<\/li>\n<li>kurs kompetencji cyfrowych<\/li>\n<li>kurs &#8222;Rozw\u00f3j przedsi\u0119biorstwa&#8221;<\/li>\n<li>szkolenie &#8222;Negocjacje&#8221;<\/li>\n<\/ul>\n<p>W celu zapewnienia kontaktu uczestnik\u00f3w z instruktorami tak\u017ce pomi\u0119dzy zaj\u0119ciami uruchomili\u015bmy <a href=\"http:\/\/www.bul.edu.pl\">platform\u0119 edukacyjn\u0105 Beskidzkiego Uniwersytetu Ludowego<\/a>. Konta u\u017cytkownik\u00f3w tworzone s\u0105 po rejestracji na wybrane zaj\u0119cia.<\/p>\n<p style=\"text-align: center;\"><img loading=\"lazy\" decoding=\"async\" class=\"wp-image-453 alignleft\" src=\"https:\/\/aktywnebeskidy.com\/wp-content\/uploads\/2025\/05\/tab-1.png\" alt=\"\" width=\"717\" height=\"478\" srcset=\"https:\/\/aktywnebeskidy.com\/wp-content\/uploads\/2025\/05\/tab-1.png 1771w, https:\/\/aktywnebeskidy.com\/wp-content\/uploads\/2025\/05\/tab-1-300x200.png 300w, https:\/\/aktywnebeskidy.com\/wp-content\/uploads\/2025\/05\/tab-1-1024x683.png 1024w, https:\/\/aktywnebeskidy.com\/wp-content\/uploads\/2025\/05\/tab-1-768x512.png 768w, https:\/\/aktywnebeskidy.com\/wp-content\/uploads\/2025\/05\/tab-1-1536x1024.png 1536w, https:\/\/aktywnebeskidy.com\/wp-content\/uploads\/2025\/05\/tab-1-90x60.png 90w, https:\/\/aktywnebeskidy.com\/wp-content\/uploads\/2025\/05\/tab-1-370x247.png 370w, https:\/\/aktywnebeskidy.com\/wp-content\/uploads\/2025\/05\/tab-1-776x517.png 776w\" sizes=\"auto, (max-width: 717px) 100vw, 717px\" \/><\/p>\n","protected":false},"excerpt":{"rendered":"<p>Beskidzki Uniwesytet Ludowy zosta\u0142 utworzony przez Stowarzyszenie Aktywne Beskidy w roku 2021 dzi\u0119ki dotacji otrzymanej z NIW-CRSO w ramach Programu Wspierania Rozwoju Uniwesytet\u00f3w Ludowych.\u00a0Punktem wyj\u015bcia dla koncepcji edukacji w BUL &hellip; <\/p>\n","protected":false},"author":1,"featured_media":15,"parent":0,"menu_order":0,"comment_status":"closed","ping_status":"closed","template":"","meta":{"footnotes":""},"class_list":["post-43","page","type-page","status-publish","has-post-thumbnail","hentry","latest_post"],"_links":{"self":[{"href":"https:\/\/aktywnebeskidy.com\/index.php?rest_route=\/wp\/v2\/pages\/43","targetHints":{"allow":["GET"]}}],"collection":[{"href":"https:\/\/aktywnebeskidy.com\/index.php?rest_route=\/wp\/v2\/pages"}],"about":[{"href":"https:\/\/aktywnebeskidy.com\/index.php?rest_route=\/wp\/v2\/types\/page"}],"author":[{"embeddable":true,"href":"https:\/\/aktywnebeskidy.com\/index.php?rest_route=\/wp\/v2\/users\/1"}],"replies":[{"embeddable":true,"href":"https:\/\/aktywnebeskidy.com\/index.php?rest_route=%2Fwp%2Fv2%2Fcomments&post=43"}],"version-history":[{"count":7,"href":"https:\/\/aktywnebeskidy.com\/index.php?rest_route=\/wp\/v2\/pages\/43\/revisions"}],"predecessor-version":[{"id":458,"href":"https:\/\/aktywnebeskidy.com\/index.php?rest_route=\/wp\/v2\/pages\/43\/revisions\/458"}],"wp:featuredmedia":[{"embeddable":true,"href":"https:\/\/aktywnebeskidy.com\/index.php?rest_route=\/wp\/v2\/media\/15"}],"wp:attachment":[{"href":"https:\/\/aktywnebeskidy.com\/index.php?rest_route=%2Fwp%2Fv2%2Fmedia&parent=43"}],"curies":[{"name":"wp","href":"https:\/\/api.w.org\/{rel}","templated":true}]}}