{"id":389,"date":"2025-02-18T21:26:29","date_gmt":"2025-02-18T21:26:29","guid":{"rendered":"https:\/\/aktywnebeskidy.com\/?page_id=389"},"modified":"2026-02-01T20:07:04","modified_gmt":"2026-02-01T20:07:04","slug":"klub-seniora","status":"publish","type":"page","link":"https:\/\/aktywnebeskidy.com\/?page_id=389","title":{"rendered":"Klub Seniora"},"content":{"rendered":"<p><img loading=\"lazy\" decoding=\"async\" class=\" wp-image-384 aligncenter\" src=\"https:\/\/aktywnebeskidy.com\/wp-content\/uploads\/2024\/12\/p.jpg\" alt=\"\" width=\"891\" height=\"594\" srcset=\"https:\/\/aktywnebeskidy.com\/wp-content\/uploads\/2024\/12\/p.jpg 1200w, https:\/\/aktywnebeskidy.com\/wp-content\/uploads\/2024\/12\/p-300x200.jpg 300w, https:\/\/aktywnebeskidy.com\/wp-content\/uploads\/2024\/12\/p-1024x683.jpg 1024w, https:\/\/aktywnebeskidy.com\/wp-content\/uploads\/2024\/12\/p-768x512.jpg 768w, https:\/\/aktywnebeskidy.com\/wp-content\/uploads\/2024\/12\/p-90x60.jpg 90w, https:\/\/aktywnebeskidy.com\/wp-content\/uploads\/2024\/12\/p-370x247.jpg 370w, https:\/\/aktywnebeskidy.com\/wp-content\/uploads\/2024\/12\/p-776x517.jpg 776w\" sizes=\"auto, (max-width: 891px) 100vw, 891px\" \/><\/p>\n<blockquote>\n<p style=\"text-align: justify;\">Projekt\u00a0<strong><em>\u201eZwi\u0119kszanie r\u00f3wnego i szybkiego dost\u0119pu do dobrej jako\u015bci i trwa\u0142ych i przyst\u0119pnych cenowo us\u0142ug w Klubie Seniora w Jele\u015bni\u201d<\/em><\/strong>\u00a0adresowany jest do os\u00f3b, kt\u00f3re uko\u0144czy\u0142y 60. rok \u017cycia, w szczeg\u00f3lno\u015bci do os\u00f3b zamieszkuj\u0105cych Gmin\u0119 Jele\u015bnia, kt\u00f3re wymagaj\u0105 wsparcia ze wzgl\u0119du np. na zagro\u017cenie wykluczeniem, stan zdrowia czy niepe\u0142nosprawno\u015b\u0107.<\/p>\n<p style=\"text-align: justify;\">Celem g\u0142\u00f3wnym projektu jest wzrost r\u00f3wnego i szybkiego dost\u0119pu do dobrej jako\u015bci, trwa\u0142ych i przyst\u0119pnych cenowo us\u0142ug, w tym us\u0142ug, kt\u00f3re wspieraj\u0105 dost\u0119p do opieki skoncentrowanej na osobie poprzez dzia\u0142ania polegaj\u0105ce na realizacji us\u0142ug opieku\u0144czych w zakresie rozwoju us\u0142ug \u015bwiadczonych w spo\u0142eczno\u015bci lokalnej w klubie seniora. Zapewnieni to sta\u0142y dost\u0119p do us\u0142ug dla 77 os\u00f3b z terenu Gminy Jele\u015bnia co wyrazi si\u0119 zwi\u0119kszon\u0105 liczb\u0105 wspartych w programie miejsc \u015bwiadczenia us\u0142ug w spo\u0142eczno\u015bci lokalnej w klubie seniora istniej\u0105cych tak\u017ce po zako\u0144czeniu projektu do 30.11.2026 r.<\/p>\n<p><strong>Termin realizacji : od 01.12.2024 r. do 30.11.2026 r<\/strong><\/p>\n<hr \/>\n<\/blockquote>\n<p style=\"text-align: center;\"><strong><span style=\"font-size: 24pt;\">DOKUMENTY<\/span><\/strong><\/p>\n<p style=\"text-align: center;\">1. Regulamin &#8211; <strong><a href=\"https:\/\/aktywnebeskidy.com\/wp-content\/uploads\/2025\/12\/Regulamin-rekrutacji.pdf\" target=\"_blank\" rel=\"noopener\">\u015aCI\u0104GNIJ<\/a><\/strong><\/p>\n<a href=\"https:\/\/aktywnebeskidy.com\/wp-content\/uploads\/2025\/12\/Regulamin-rekrutacji.pdf\" class=\"pdfemb-viewer\" style=\"\" data-width=\"max\" data-height=\"max\" data-toolbar=\"top\" data-toolbar-fixed=\"on\">Regulamin-rekrutacji<\/a>\n<p>&nbsp;<\/p>\n<p style=\"text-align: center;\">2. Formularz Zg\u0142oszeniowy &#8211; <strong><a href=\"https:\/\/aktywnebeskidy.com\/wp-content\/uploads\/2025\/02\/Formularz-zgloszeniowy.pdf\" target=\"_blank\" rel=\"noopener\">\u015aCI\u0104GNIJ<\/a><\/strong><\/p>\n<a href=\"https:\/\/aktywnebeskidy.com\/wp-content\/uploads\/2025\/02\/Formularz-zgloszeniowy.pdf\" class=\"pdfemb-viewer\" style=\"\" data-width=\"max\" data-height=\"max\" data-toolbar=\"top\" data-toolbar-fixed=\"on\">Formularz-zgloszeniowy<\/a>\n","protected":false},"excerpt":{"rendered":"<p>Projekt\u00a0\u201eZwi\u0119kszanie r\u00f3wnego i szybkiego dost\u0119pu do dobrej jako\u015bci i trwa\u0142ych i przyst\u0119pnych cenowo us\u0142ug w Klubie Seniora w Jele\u015bni\u201d\u00a0adresowany jest do os\u00f3b, kt\u00f3re uko\u0144czy\u0142y 60. rok \u017cycia, w szczeg\u00f3lno\u015bci do &hellip; <\/p>\n","protected":false},"author":1,"featured_media":381,"parent":0,"menu_order":0,"comment_status":"closed","ping_status":"closed","template":"","meta":{"footnotes":""},"class_list":["post-389","page","type-page","status-publish","has-post-thumbnail","hentry","latest_post"],"_links":{"self":[{"href":"https:\/\/aktywnebeskidy.com\/index.php?rest_route=\/wp\/v2\/pages\/389","targetHints":{"allow":["GET"]}}],"collection":[{"href":"https:\/\/aktywnebeskidy.com\/index.php?rest_route=\/wp\/v2\/pages"}],"about":[{"href":"https:\/\/aktywnebeskidy.com\/index.php?rest_route=\/wp\/v2\/types\/page"}],"author":[{"embeddable":true,"href":"https:\/\/aktywnebeskidy.com\/index.php?rest_route=\/wp\/v2\/users\/1"}],"replies":[{"embeddable":true,"href":"https:\/\/aktywnebeskidy.com\/index.php?rest_route=%2Fwp%2Fv2%2Fcomments&post=389"}],"version-history":[{"count":10,"href":"https:\/\/aktywnebeskidy.com\/index.php?rest_route=\/wp\/v2\/pages\/389\/revisions"}],"predecessor-version":[{"id":552,"href":"https:\/\/aktywnebeskidy.com\/index.php?rest_route=\/wp\/v2\/pages\/389\/revisions\/552"}],"wp:featuredmedia":[{"embeddable":true,"href":"https:\/\/aktywnebeskidy.com\/index.php?rest_route=\/wp\/v2\/media\/381"}],"wp:attachment":[{"href":"https:\/\/aktywnebeskidy.com\/index.php?rest_route=%2Fwp%2Fv2%2Fmedia&parent=389"}],"curies":[{"name":"wp","href":"https:\/\/api.w.org\/{rel}","templated":true}]}}