{"id":335,"date":"2023-12-08T00:49:01","date_gmt":"2023-12-08T00:49:01","guid":{"rendered":"https:\/\/aktywnebeskidy.com\/?page_id=335"},"modified":"2023-12-08T01:13:19","modified_gmt":"2023-12-08T01:13:19","slug":"beskid-na-zdrowie","status":"publish","type":"page","link":"https:\/\/aktywnebeskidy.com\/?page_id=335","title":{"rendered":"Beskid na Zdrowie"},"content":{"rendered":"<p>Grant na projekt \u201eAktywni Razem\u201d\u00a0 umo\u017cliwi\u0142 nam realizacj\u0119 dzia\u0142a\u0144 edukacyjnych i promuj\u0105cych aktywno\u015b\u0107 fizyczn\u0105 w\u015br\u00f3d dzieci i m\u0142odzie\u017cy. W czasie realizacji projektu uczestnicy brali udzia\u0142 w zaj\u0119ciach, animacjach i rywalizacjach sportowych w czasie wydarze\u0144 odbywaj\u0105cych si\u0119 w naszym regionie. Entuzjazm dzieci i m\u0142odzie\u017cy uczestnicz\u0105cy konkurencjach sportowych kt\u00f3re mia\u0142y miejsce w czasie odbywaj\u0105cego si\u0119 na ma\u0142ej scenie Festiwalu S\u0142oneczne Beskidy w dniu 8 lipca przekroczy\u0142 nasze naj\u015bmielsze oczekiwania. Animacje sportowe tego dnia przeplata\u0142y si\u0119 z Festiwalem Kolor\u00f3w i sportowy duch dopisywa\u0142 uczestnikom przez ca\u0142y dzie\u0144!\u00a0 Doskona\u0142ym podsumowaniem dzia\u0142a\u0144 animacyjnych by\u0142a sportowa rywalizacja dzieci i m\u0142odzie\u017cy w trakcie wie\u0144cz\u0105cego nasz sezon plenerowych animacji pikniku chartyatywnego, kt\u00f3ry mia\u0142 miejsce 8 wrze\u015bnia 2023 roku. Dzieci i m\u0142odzie\u017c tego dnia ochoczo wzi\u0119\u0142y udzia\u0142 w konkurencjach sprawno\u015bciowych i konkursie strzelania karnych.<\/p>\n<p>Dodatkowym elementem jaki uda\u0142o nam si\u0119 stworzy\u0107 w ramach dofinansowania jest ebook promuj\u0105cy aktywno\u015b\u0107 fizyczn\u0105 dzieci i m\u0142odzie\u017cy w Beskidzie \u017bywieckim. Pragniemy m\u00f3c inspirowa\u0107 Was do aktywno\u015bci sportowej, tak w progach naszego Stowarzyszenia, jak i w plenerze, gdzie cieszy\u0107 mo\u017cecie si\u0119 urokami Beskidu \u017bywieckiego.<\/p>\n<p><span class=\"font-style locked\">Zadanie realizowane w ramach poddzia\u0142ania \u201eWsparcie na wdra\u017canie operacji w ramach strategii rozwoju lokalnego kierowanego przez spo\u0142eczno\u015b\u0107\u201d obj\u0119tego PROW na lata 2014-2020<\/span><\/p>\n<figure id=\"attachment_336\" aria-describedby=\"caption-attachment-336\" style=\"width: 565px\" class=\"wp-caption aligncenter\"><a href=\"https:\/\/aktywnebeskidy.com\/wp-content\/uploads\/2023\/12\/beskidzkie-wedrowki-piesze-dla-dzieci-i-mlodziezy-podziwiaj-piekno-natury_65725ca8.pdf\"><img loading=\"lazy\" decoding=\"async\" class=\"wp-image-336\" src=\"https:\/\/aktywnebeskidy.com\/wp-content\/uploads\/2023\/12\/2.png\" alt=\"\" width=\"565\" height=\"848\" srcset=\"https:\/\/aktywnebeskidy.com\/wp-content\/uploads\/2023\/12\/2.png 1000w, https:\/\/aktywnebeskidy.com\/wp-content\/uploads\/2023\/12\/2-200x300.png 200w, https:\/\/aktywnebeskidy.com\/wp-content\/uploads\/2023\/12\/2-683x1024.png 683w, https:\/\/aktywnebeskidy.com\/wp-content\/uploads\/2023\/12\/2-768x1152.png 768w, https:\/\/aktywnebeskidy.com\/wp-content\/uploads\/2023\/12\/2-40x60.png 40w\" sizes=\"auto, (max-width: 565px) 100vw, 565px\" \/><\/a><figcaption id=\"caption-attachment-336\" class=\"wp-caption-text\">Kliknij w ok\u0142adk\u0119, aby pobra\u0107 darmowy ebook<\/figcaption><\/figure>\n","protected":false},"excerpt":{"rendered":"<p>Grant na projekt \u201eAktywni Razem\u201d\u00a0 umo\u017cliwi\u0142 nam realizacj\u0119 dzia\u0142a\u0144 edukacyjnych i promuj\u0105cych aktywno\u015b\u0107 fizyczn\u0105 w\u015br\u00f3d dzieci i m\u0142odzie\u017cy. W czasie realizacji projektu uczestnicy brali udzia\u0142 w zaj\u0119ciach, animacjach i rywalizacjach &hellip; <\/p>\n","protected":false},"author":1,"featured_media":15,"parent":0,"menu_order":0,"comment_status":"closed","ping_status":"closed","template":"","meta":{"footnotes":""},"class_list":["post-335","page","type-page","status-publish","has-post-thumbnail","hentry","latest_post"],"_links":{"self":[{"href":"https:\/\/aktywnebeskidy.com\/index.php?rest_route=\/wp\/v2\/pages\/335","targetHints":{"allow":["GET"]}}],"collection":[{"href":"https:\/\/aktywnebeskidy.com\/index.php?rest_route=\/wp\/v2\/pages"}],"about":[{"href":"https:\/\/aktywnebeskidy.com\/index.php?rest_route=\/wp\/v2\/types\/page"}],"author":[{"embeddable":true,"href":"https:\/\/aktywnebeskidy.com\/index.php?rest_route=\/wp\/v2\/users\/1"}],"replies":[{"embeddable":true,"href":"https:\/\/aktywnebeskidy.com\/index.php?rest_route=%2Fwp%2Fv2%2Fcomments&post=335"}],"version-history":[{"count":4,"href":"https:\/\/aktywnebeskidy.com\/index.php?rest_route=\/wp\/v2\/pages\/335\/revisions"}],"predecessor-version":[{"id":346,"href":"https:\/\/aktywnebeskidy.com\/index.php?rest_route=\/wp\/v2\/pages\/335\/revisions\/346"}],"wp:featuredmedia":[{"embeddable":true,"href":"https:\/\/aktywnebeskidy.com\/index.php?rest_route=\/wp\/v2\/media\/15"}],"wp:attachment":[{"href":"https:\/\/aktywnebeskidy.com\/index.php?rest_route=%2Fwp%2Fv2%2Fmedia&parent=335"}],"curies":[{"name":"wp","href":"https:\/\/api.w.org\/{rel}","templated":true}]}}