{"id":324,"date":"2023-12-08T00:13:32","date_gmt":"2023-12-08T00:13:32","guid":{"rendered":"https:\/\/aktywnebeskidy.com\/?page_id=324"},"modified":"2023-12-08T01:13:53","modified_gmt":"2023-12-08T01:13:53","slug":"aktywni-razem","status":"publish","type":"page","link":"https:\/\/aktywnebeskidy.com\/?page_id=324","title":{"rendered":"Aktywni Razem"},"content":{"rendered":"<p>Grant na projekt &#8222;Aktywni Razem&#8221;\u00a0 umo\u017cliwi\u0142 nam realizacj\u0119 dzia\u0142a\u0144 edukacyjnych i promuj\u0105cych aktywno\u015b\u0107 fizyczn\u0105 w\u015br\u00f3d mieszka\u0144c\u00f3w gminy Jele\u015bnia, a <span style=\"color: var(--font-color); font-family: var(--primary-font);\">w szczeg\u00f3lno\u015bci os\u00f3b w grupie 60+. W czasie realizacji projektu uczestnicy brali udzia\u0142 w zaj\u0119ciach jogi, animacjach i rywalizacjach sportowych w czasie wydarze\u0144 odbywaj\u0105cych si\u0119 w naszym regionie. Doskona\u0142ym podsumowaniem dzia\u0142a\u0144 animacyjnych by\u0142a sportowa rywalizacja uczestnik\u00f3w w trakcie wie\u0144cz\u0105cego nasz sezon plenerowych animacji pikniku chartyatywnego, kt\u00f3ry mia\u0142 miejsce 8 wrze\u015bnia 2023 roku.<\/span><\/p>\n<p>Dodatkowym elementem jaki uda\u0142o nam si\u0119 stworzy\u0107 w ramach dofinansowania jest ebook promuj\u0105cy aktywno\u015b\u0107 fizyczn\u0105, dedykowany w szczeg\u00f3lno\u015bci seniorom. Pragniemy m\u00f3c inspirowa\u0107 Was do aktywno\u015bci sportowej, tak w progach naszego Stowarzyszenia, jak i w plenerze, gdzie cieszy\u0107 mo\u017cecie si\u0119 urokami Beskidu \u017bywieckiego.<\/p>\n<h4 class=\"absolute-content-element was-static-element variant _h4_6257632_1048158 variant-inline-modified move-cursor\" style=\"text-align: center;\" contenteditable=\"true\" draggable=\"false\" data-aah=\"626a4eb557be8596\" data-initial-height=\"48.59375\" data-initial-width=\"263\"><span class=\"font-style locked\">Zadanie realizowane w ramach poddzia\u0142ania &#8222;Wsparcie na wdra\u017canie operacji w ramach strategii rozwoju lokalnego kierowanego przez spo\u0142eczno\u015b\u0107&#8221; obj\u0119tego PROW na lata 2014-2020<\/span><\/h4>\n<figure id=\"attachment_329\" aria-describedby=\"caption-attachment-329\" style=\"width: 441px\" class=\"wp-caption aligncenter\"><a href=\"https:\/\/aktywnebeskidy.com\/wp-content\/uploads\/2023\/12\/beskidzkie-spacery-dla-aktywnych-seniorow-zdrowie-i-ruch-w-malowniczej-okolicy_65725712.pdf\"><img loading=\"lazy\" decoding=\"async\" class=\"wp-image-329\" src=\"https:\/\/aktywnebeskidy.com\/wp-content\/uploads\/2023\/12\/1-2.png\" alt=\"\" width=\"441\" height=\"662\" srcset=\"https:\/\/aktywnebeskidy.com\/wp-content\/uploads\/2023\/12\/1-2.png 1000w, https:\/\/aktywnebeskidy.com\/wp-content\/uploads\/2023\/12\/1-2-200x300.png 200w, https:\/\/aktywnebeskidy.com\/wp-content\/uploads\/2023\/12\/1-2-683x1024.png 683w, https:\/\/aktywnebeskidy.com\/wp-content\/uploads\/2023\/12\/1-2-768x1152.png 768w, https:\/\/aktywnebeskidy.com\/wp-content\/uploads\/2023\/12\/1-2-40x60.png 40w\" sizes=\"auto, (max-width: 441px) 100vw, 441px\" \/><\/a><figcaption id=\"caption-attachment-329\" class=\"wp-caption-text\">Kliknij w ok\u0142adk\u0119, aby pobra\u0107 darmowy ebook<\/figcaption><\/figure>\n<h4 class=\"absolute-content-element was-static-element variant _h4_6257632_1048158 variant-inline-modified move-cursor\" style=\"text-align: center;\" contenteditable=\"true\" draggable=\"false\" data-aah=\"626a4eb557be8596\" data-initial-height=\"48.59375\" data-initial-width=\"263\"><\/h4>\n<h4 class=\"absolute-content-element was-static-element variant _h4_6257632_1048158 variant-inline-modified move-cursor\" style=\"text-align: center;\" contenteditable=\"true\" draggable=\"false\" data-aah=\"626a4eb557be8596\" data-initial-height=\"48.59375\" data-initial-width=\"263\"><\/h4>\n","protected":false},"excerpt":{"rendered":"<p>Grant na projekt &#8222;Aktywni Razem&#8221;\u00a0 umo\u017cliwi\u0142 nam realizacj\u0119 dzia\u0142a\u0144 edukacyjnych i promuj\u0105cych aktywno\u015b\u0107 fizyczn\u0105 w\u015br\u00f3d mieszka\u0144c\u00f3w gminy Jele\u015bnia, a w szczeg\u00f3lno\u015bci os\u00f3b w grupie 60+. W czasie realizacji projektu uczestnicy &hellip; <\/p>\n","protected":false},"author":1,"featured_media":15,"parent":0,"menu_order":0,"comment_status":"closed","ping_status":"closed","template":"","meta":{"footnotes":""},"class_list":["post-324","page","type-page","status-publish","has-post-thumbnail","hentry","latest_post"],"_links":{"self":[{"href":"https:\/\/aktywnebeskidy.com\/index.php?rest_route=\/wp\/v2\/pages\/324","targetHints":{"allow":["GET"]}}],"collection":[{"href":"https:\/\/aktywnebeskidy.com\/index.php?rest_route=\/wp\/v2\/pages"}],"about":[{"href":"https:\/\/aktywnebeskidy.com\/index.php?rest_route=\/wp\/v2\/types\/page"}],"author":[{"embeddable":true,"href":"https:\/\/aktywnebeskidy.com\/index.php?rest_route=\/wp\/v2\/users\/1"}],"replies":[{"embeddable":true,"href":"https:\/\/aktywnebeskidy.com\/index.php?rest_route=%2Fwp%2Fv2%2Fcomments&post=324"}],"version-history":[{"count":5,"href":"https:\/\/aktywnebeskidy.com\/index.php?rest_route=\/wp\/v2\/pages\/324\/revisions"}],"predecessor-version":[{"id":327,"href":"https:\/\/aktywnebeskidy.com\/index.php?rest_route=\/wp\/v2\/pages\/324\/revisions\/327"}],"wp:featuredmedia":[{"embeddable":true,"href":"https:\/\/aktywnebeskidy.com\/index.php?rest_route=\/wp\/v2\/media\/15"}],"wp:attachment":[{"href":"https:\/\/aktywnebeskidy.com\/index.php?rest_route=%2Fwp%2Fv2%2Fmedia&parent=324"}],"curies":[{"name":"wp","href":"https:\/\/api.w.org\/{rel}","templated":true}]}}